{"id":2614,"date":"2018-06-29T15:33:52","date_gmt":"2018-10-03T14:25:59","guid":{"rendered":"https:\/\/www.mustcarepro.se\/?post_type=product&#038;p=2614"},"modified":"2018-10-03T16:26:00","modified_gmt":"2018-10-03T14:26:00","slug":"glucopro-glucosamine","status":"publish","type":"product","link":"https:\/\/www.mustcarepro.se\/fr\/produkt\/glucopro-glucosamine\/","title":{"rendered":"Glucopro &#8211; Glucosamine"},"content":{"rendered":"<h2>Glucopro &#8211; de la Glucosamine pour chevaux<\/h2>\n<p>Nos produits respectent un standard \u00e9lev\u00e9 et notre Glucosamine pour chevaux &#8211; Glucopro &#8211; en est un bon exemple. Lisez-en plus ci-apr\u00e8s.<\/p>\n<p>Nous produisons des suppl\u00e9ments alimentaires pour chevaux avec comme id\u00e9e majeure de fournir des produits naturels et organiques de haute qualit\u00e9. Nous excluons les additifs non-essentiels et le sucre. Nos produits sont enregistr\u00e9s aupr\u00e8s de l&rsquo;Organisme Su\u00e9dois pour l&rsquo;alimentation animale, Jordbruksverket. Nous produisons depuis une usine sous licence o\u00f9 la qualit\u00e9 des ingr\u00e9dients est test\u00e9 continuellement. Nous nous soucions de l&rsquo;environnement et esp\u00e9rons que vous souhaiterez y contribuer vous aussi en recyclant les emballages de nos produits.<\/p>\n<h3>Glucosamine<\/h3>\n<p>La Glucosamine est un \u00e9l\u00e9ment de construction endog\u00e8ne dans le cartilage articulaire des chevaux dont la fonction est d&rsquo;absorber les chocs et dont le maintien est crucial. La Glucosamine est aussi un composant du fluide synovial qui lubrifie et prot\u00e8ge les joints. Le cheval produit lui-m\u00eame la Glucosamine mais avec l&rsquo;\u00e2ge, la production diminue et en faisant de l&rsquo;exercice, la Glucosamine est utilis\u00e9 en plus grande proportion. Un suppl\u00e9ment peut aider quand la production endog\u00e8ne n&rsquo;est pas suffisante.<\/p>\n<p>L&rsquo;utilisation de Glucosamine pour chevaux est monnaie courante et tr\u00e8s document\u00e9e. Pour Glucopro, nous avons choisi la Glucosamine Sulphate 2KCL. Cette forme de Glucosamine a montr\u00e9 une plus grande capacit\u00e9 \u00e0 passer dans le sang des chevaux en comparaison avec d&rsquo;autres formes de Glucosamine. Le Sulphate ajoute aussi du sulphur qui est important pour la sant\u00e9 des joints en g\u00e9n\u00e9ral et crucial pour l&rsquo;absorption de la Glucosamine.<\/p>\n<h3>Inuline<\/h3>\n<p>L&rsquo;inuline est une fibre m\u00e9tabolique hydrosoluble, pr\u00e9biotique qui fournit des bact\u00e9ries intestinales pour la nutrition et stimule le mouvement des intestins. L&rsquo;inuline aide \u00e0 de meilleures conditions d&rsquo;absorption nutritive effective.<\/p>\n<h3>Mangan\u00e8se<\/h3>\n<p>Le micro min\u00e9ral Mangan\u00e8se affecte la synth\u00e8se de mucopolysaccharides, une substance importante dans la formation du cartilage. Le Mangan\u00e8se est aussi important pour les enzymes, les acides gras et la formation du squelette.<\/p>\n<h3>M\u00e9thionine<\/h3>\n<p>La M\u00e9thionine est un acide amin\u00e9 essentiel appartenant au groupe des acides amin\u00e9s contenant du sulphur. Le sulphur est crucial dans la formation du cartilage. De plus la M\u00e9thionine a beaucoup d&rsquo;autres fonctions comme par exemple, elle soutient la production d&rsquo;adr\u00e9naline, est capital pour la capacit\u00e9 d&rsquo;assimilation du S\u00e9l\u00e9nium and stimule aussi le foie et les reins.<\/p>\n<h3>L&rsquo;Ascorbate de Calcium<\/h3>\n<p>L&rsquo;ascorbate de Calcium est une forme l\u00e9g\u00e8re de vitamine C et de calcium, commun\u00e9ment trouv\u00e9 dans les suppl\u00e9ments de vitamine C et en tant qu&rsquo;antioxidant. Comme la Glucosamine est une substance sensible, nous avons choisi l&rsquo;ascorbate de Calcium en tant que conservateur.<\/p>\n","protected":false},"excerpt":{"rendered":"<p>Glucopro est une combinaison de Glucosamine \u00e0 forte concentration et d&rsquo;Inuline qui permet d&rsquo;avoir des joints forts et flexibles. L&rsquo;inuline aide \u00e0 avoir une flore intestinale en bonne sant\u00e9 et une prise de nutriments optimis\u00e9e. Glucopro est recommand\u00e9 pour des chevaux en phase d&rsquo;entra\u00eenement ou en comp\u00e9tition mais aussi aux chevaux plus \u00e2g\u00e9s.<\/p>\n<p>La Glucosamine est une substance endog\u00e8ne et occupe une r\u00f4le important dans les cartilages et tendons. La proportion de Glucosamine disponible dans le corps diminue pendant l&rsquo;exercice et en prenant de l&rsquo;\u00e2ge, la fonction corporelle du Glucosamine est r\u00e9duite. Glucopro contient de la Glucosamine Sulphate qui a \u00e9t\u00e9 trouv\u00e9 en plus grandes quantit\u00e9s chez les chevaux que d&rsquo;autres formes de Glucosamine. Les fibres alimentaires de l&rsquo;inuline sont ajout\u00e9s en tant que pr\u00e9biotique et nourrissent les bact\u00e9ries intestinales utiles, permettant de meilleurs conditions pour l&rsquo;absorption. Glucopro contient aussi de la Mangan\u00e8se micromin\u00e9rale et l&rsquo;acide amin\u00e9 essentiel qu&rsquo;est la M\u00e9thionine, les deux \u00e9tant vitaux pour la formation du cartilage.<\/p>\n<p>Dosage: une dose d&rsquo;1,5 par jour pour chevaux de 500kg. Une dose contient 10ml.<\/p>\n<p>Disponible en pot de 500g et 2kg.<\/p>\n<p>La Glucosamine est une substance sensible. Pour pr\u00e9server la qualit\u00e9 du produit, il est important que la poudre soit gard\u00e9e \u00e0 l&rsquo;abri de l&rsquo;humidit\u00e9. Assurer vous de bien refermer le pot apr\u00e8s usage. Ranger dans un lieu frais ou \u00e0 temp\u00e9rature ambiante, garder \u00e0 l&rsquo;abri du soleil et hors de port\u00e9e des enfants.<\/p>\n<p>Nous vous prions d&rsquo;observer que la Glucosamine peut \u00eatre sujette \u00e0 un d\u00e9lai d&rsquo;attente en raison de r\u00e9gulations dans certains pays. FEI: 0 heures de d\u00e9lai d&rsquo;attente. Su\u00e8de ST: 96 heures de d\u00e9lai d&rsquo;attente.<\/p>\n","protected":false},"featured_media":2674,"comment_status":"open","ping_status":"closed","template":"","meta":{"_et_pb_use_builder":"","_et_pb_old_content":"","_et_gb_content_width":"","_exactmetrics_skip_tracking":false,"_exactmetrics_sitenote_active":false,"_exactmetrics_sitenote_note":"","_exactmetrics_sitenote_category":0},"product_cat":[159],"product_tag":[],"yoast_head":"<!-- This site is optimized with the Yoast SEO plugin v23.3 - https:\/\/yoast.com\/wordpress\/plugins\/seo\/ -->\n<title>Glucopro - Glucosamine pour chevaux - Mustcare Pro<\/title>\n<meta name=\"description\" content=\"Nos produits respectent un standard \u00e9lev\u00e9 et notre Glucosamine pour chevaux - Glucopro - en est un bon exemple. Lisez-en plus ci-apr\u00e8s.\" \/>\n<meta name=\"robots\" content=\"index, follow, max-snippet:-1, max-image-preview:large, max-video-preview:-1\" \/>\n<link rel=\"canonical\" href=\"https:\/\/www.mustcarepro.se\/fr\/produkt\/glucopro-glucosamine\/\" \/>\n<meta property=\"og:locale\" content=\"fr_FR\" \/>\n<meta property=\"og:type\" content=\"article\" \/>\n<meta property=\"og:title\" content=\"Glucopro - Glucosamine pour chevaux - Mustcare Pro\" \/>\n<meta property=\"og:description\" content=\"Nos produits respectent un standard \u00e9lev\u00e9 et notre Glucosamine pour chevaux - Glucopro - en est un bon exemple. Lisez-en plus ci-apr\u00e8s.\" \/>\n<meta property=\"og:url\" content=\"https:\/\/www.mustcarepro.se\/fr\/produkt\/glucopro-glucosamine\/\" \/>\n<meta property=\"og:site_name\" content=\"Mustcare Pro\" \/>\n<meta property=\"article:modified_time\" content=\"2018-10-03T14:26:00+00:00\" \/>\n<meta property=\"og:image\" content=\"https:\/\/www.mustcarepro.se\/wp-content\/uploads\/2018\/10\/Gucopro.jpg\" \/>\n\t<meta property=\"og:image:width\" content=\"800\" \/>\n\t<meta property=\"og:image:height\" content=\"800\" \/>\n\t<meta property=\"og:image:type\" content=\"image\/jpeg\" \/>\n<meta name=\"twitter:card\" content=\"summary_large_image\" \/>\n<meta name=\"twitter:label1\" content=\"Dur\u00e9e de lecture estim\u00e9e\" \/>\n\t<meta name=\"twitter:data1\" content=\"2 minutes\" \/>\n<script type=\"application\/ld+json\" class=\"yoast-schema-graph\">{\"@context\":\"https:\/\/schema.org\",\"@graph\":[{\"@type\":\"WebPage\",\"@id\":\"https:\/\/www.mustcarepro.se\/fr\/produkt\/glucopro-glucosamine\/\",\"url\":\"https:\/\/www.mustcarepro.se\/fr\/produkt\/glucopro-glucosamine\/\",\"name\":\"Glucopro - Glucosamine pour chevaux - Mustcare Pro\",\"isPartOf\":{\"@id\":\"https:\/\/www.mustcarepro.se\/#website\"},\"primaryImageOfPage\":{\"@id\":\"https:\/\/www.mustcarepro.se\/fr\/produkt\/glucopro-glucosamine\/#primaryimage\"},\"image\":{\"@id\":\"https:\/\/www.mustcarepro.se\/fr\/produkt\/glucopro-glucosamine\/#primaryimage\"},\"thumbnailUrl\":\"https:\/\/www.mustcarepro.se\/wp-content\/uploads\/2018\/10\/Gucopro.jpg\",\"datePublished\":\"2018-10-03T14:25:59+00:00\",\"dateModified\":\"2018-10-03T14:26:00+00:00\",\"description\":\"Nos produits respectent un standard \u00e9lev\u00e9 et notre Glucosamine pour chevaux - Glucopro - en est un bon exemple. Lisez-en plus ci-apr\u00e8s.\",\"breadcrumb\":{\"@id\":\"https:\/\/www.mustcarepro.se\/fr\/produkt\/glucopro-glucosamine\/#breadcrumb\"},\"inLanguage\":\"fr-FR\",\"potentialAction\":[{\"@type\":\"ReadAction\",\"target\":[\"https:\/\/www.mustcarepro.se\/fr\/produkt\/glucopro-glucosamine\/\"]}]},{\"@type\":\"ImageObject\",\"inLanguage\":\"fr-FR\",\"@id\":\"https:\/\/www.mustcarepro.se\/fr\/produkt\/glucopro-glucosamine\/#primaryimage\",\"url\":\"https:\/\/www.mustcarepro.se\/wp-content\/uploads\/2018\/10\/Gucopro.jpg\",\"contentUrl\":\"https:\/\/www.mustcarepro.se\/wp-content\/uploads\/2018\/10\/Gucopro.jpg\",\"width\":800,\"height\":800,\"caption\":\"Glucosamine pour Chevaux\"},{\"@type\":\"BreadcrumbList\",\"@id\":\"https:\/\/www.mustcarepro.se\/fr\/produkt\/glucopro-glucosamine\/#breadcrumb\",\"itemListElement\":[{\"@type\":\"ListItem\",\"position\":1,\"name\":\"Hem\",\"item\":\"https:\/\/www.mustcarepro.se\/fr\/\"},{\"@type\":\"ListItem\",\"position\":2,\"name\":\"Produkter\",\"item\":\"https:\/\/www.mustcarepro.se\/butik\/\"},{\"@type\":\"ListItem\",\"position\":3,\"name\":\"Glucopro &#8211; Glucosamine\"}]},{\"@type\":\"WebSite\",\"@id\":\"https:\/\/www.mustcarepro.se\/#website\",\"url\":\"https:\/\/www.mustcarepro.se\/\",\"name\":\"Mustcare Pro\",\"description\":\"Tillverkning, utveckling och f\u00f6rs\u00e4ljning av fodertillskott\",\"potentialAction\":[{\"@type\":\"SearchAction\",\"target\":{\"@type\":\"EntryPoint\",\"urlTemplate\":\"https:\/\/www.mustcarepro.se\/?s={search_term_string}\"},\"query-input\":\"required name=search_term_string\"}],\"inLanguage\":\"fr-FR\"}]}<\/script>\n<!-- \/ Yoast SEO plugin. -->","yoast_head_json":{"title":"Glucopro - Glucosamine pour chevaux - Mustcare Pro","description":"Nos produits respectent un standard \u00e9lev\u00e9 et notre Glucosamine pour chevaux - Glucopro - en est un bon exemple. Lisez-en plus ci-apr\u00e8s.","robots":{"index":"index","follow":"follow","max-snippet":"max-snippet:-1","max-image-preview":"max-image-preview:large","max-video-preview":"max-video-preview:-1"},"canonical":"https:\/\/www.mustcarepro.se\/fr\/produkt\/glucopro-glucosamine\/","og_locale":"fr_FR","og_type":"article","og_title":"Glucopro - Glucosamine pour chevaux - Mustcare Pro","og_description":"Nos produits respectent un standard \u00e9lev\u00e9 et notre Glucosamine pour chevaux - Glucopro - en est un bon exemple. Lisez-en plus ci-apr\u00e8s.","og_url":"https:\/\/www.mustcarepro.se\/fr\/produkt\/glucopro-glucosamine\/","og_site_name":"Mustcare Pro","article_modified_time":"2018-10-03T14:26:00+00:00","og_image":[{"width":800,"height":800,"url":"https:\/\/www.mustcarepro.se\/wp-content\/uploads\/2018\/10\/Gucopro.jpg","type":"image\/jpeg"}],"twitter_card":"summary_large_image","twitter_misc":{"Dur\u00e9e de lecture estim\u00e9e":"2 minutes"},"schema":{"@context":"https:\/\/schema.org","@graph":[{"@type":"WebPage","@id":"https:\/\/www.mustcarepro.se\/fr\/produkt\/glucopro-glucosamine\/","url":"https:\/\/www.mustcarepro.se\/fr\/produkt\/glucopro-glucosamine\/","name":"Glucopro - Glucosamine pour chevaux - Mustcare Pro","isPartOf":{"@id":"https:\/\/www.mustcarepro.se\/#website"},"primaryImageOfPage":{"@id":"https:\/\/www.mustcarepro.se\/fr\/produkt\/glucopro-glucosamine\/#primaryimage"},"image":{"@id":"https:\/\/www.mustcarepro.se\/fr\/produkt\/glucopro-glucosamine\/#primaryimage"},"thumbnailUrl":"https:\/\/www.mustcarepro.se\/wp-content\/uploads\/2018\/10\/Gucopro.jpg","datePublished":"2018-10-03T14:25:59+00:00","dateModified":"2018-10-03T14:26:00+00:00","description":"Nos produits respectent un standard \u00e9lev\u00e9 et notre Glucosamine pour chevaux - Glucopro - en est un bon exemple. Lisez-en plus ci-apr\u00e8s.","breadcrumb":{"@id":"https:\/\/www.mustcarepro.se\/fr\/produkt\/glucopro-glucosamine\/#breadcrumb"},"inLanguage":"fr-FR","potentialAction":[{"@type":"ReadAction","target":["https:\/\/www.mustcarepro.se\/fr\/produkt\/glucopro-glucosamine\/"]}]},{"@type":"ImageObject","inLanguage":"fr-FR","@id":"https:\/\/www.mustcarepro.se\/fr\/produkt\/glucopro-glucosamine\/#primaryimage","url":"https:\/\/www.mustcarepro.se\/wp-content\/uploads\/2018\/10\/Gucopro.jpg","contentUrl":"https:\/\/www.mustcarepro.se\/wp-content\/uploads\/2018\/10\/Gucopro.jpg","width":800,"height":800,"caption":"Glucosamine pour Chevaux"},{"@type":"BreadcrumbList","@id":"https:\/\/www.mustcarepro.se\/fr\/produkt\/glucopro-glucosamine\/#breadcrumb","itemListElement":[{"@type":"ListItem","position":1,"name":"Hem","item":"https:\/\/www.mustcarepro.se\/fr\/"},{"@type":"ListItem","position":2,"name":"Produkter","item":"https:\/\/www.mustcarepro.se\/butik\/"},{"@type":"ListItem","position":3,"name":"Glucopro &#8211; Glucosamine"}]},{"@type":"WebSite","@id":"https:\/\/www.mustcarepro.se\/#website","url":"https:\/\/www.mustcarepro.se\/","name":"Mustcare Pro","description":"Tillverkning, utveckling och f\u00f6rs\u00e4ljning av fodertillskott","potentialAction":[{"@type":"SearchAction","target":{"@type":"EntryPoint","urlTemplate":"https:\/\/www.mustcarepro.se\/?s={search_term_string}"},"query-input":"required name=search_term_string"}],"inLanguage":"fr-FR"}]}},"_links":{"self":[{"href":"https:\/\/www.mustcarepro.se\/fr\/wp-json\/wp\/v2\/product\/2614"}],"collection":[{"href":"https:\/\/www.mustcarepro.se\/fr\/wp-json\/wp\/v2\/product"}],"about":[{"href":"https:\/\/www.mustcarepro.se\/fr\/wp-json\/wp\/v2\/types\/product"}],"replies":[{"embeddable":true,"href":"https:\/\/www.mustcarepro.se\/fr\/wp-json\/wp\/v2\/comments?post=2614"}],"wp:featuredmedia":[{"embeddable":true,"href":"https:\/\/www.mustcarepro.se\/fr\/wp-json\/wp\/v2\/media\/2674"}],"wp:attachment":[{"href":"https:\/\/www.mustcarepro.se\/fr\/wp-json\/wp\/v2\/media?parent=2614"}],"wp:term":[{"taxonomy":"product_cat","embeddable":true,"href":"https:\/\/www.mustcarepro.se\/fr\/wp-json\/wp\/v2\/product_cat?post=2614"},{"taxonomy":"product_tag","embeddable":true,"href":"https:\/\/www.mustcarepro.se\/fr\/wp-json\/wp\/v2\/product_tag?post=2614"}],"curies":[{"name":"wp","href":"https:\/\/api.w.org\/{rel}","templated":true}]}}